{"id":14144,"date":"2026-03-12T09:50:19","date_gmt":"2026-03-12T09:50:19","guid":{"rendered":"https:\/\/businesscultureawards.com\/norge-kategorier\/"},"modified":"2026-04-29T16:10:43","modified_gmt":"2026-04-29T16:10:43","slug":"norge-kategorier","status":"publish","type":"page","link":"https:\/\/businesscultureawards.com\/no\/hjemmeside-2026-norge\/norge-kategorier\/","title":{"rendered":"Norge-kategorier"},"content":{"rendered":"<div id=\"cs-content\" class=\"cs-content\"><\/div>\n","protected":false},"excerpt":{"rendered":"<p>English (Engelsk) Norsk bokm\u00e5l Back to Main SiteHjemmeside 2026 \u2013 NorgeNorge: Slik deltar duNorge-kategorierM\u00f8t teametOfte stilte sp\u00f8rsm\u00e5l \u2013 Norge &nbsp;KategorierVi har \u00e5pnet for p\u00e5meldinger til NYE Business Culture Awards Norge &#8230; <a href=\"https:\/\/businesscultureawards.com\/no\/hjemmeside-2026-norge\/norge-kategorier\/\" class=\"more-link\">Read More<\/a><\/p>\n","protected":false},"author":10,"featured_media":14145,"parent":14176,"menu_order":0,"comment_status":"closed","ping_status":"closed","template":"template-blank-6.php","meta":{"_acf_changed":false,"footnotes":""},"class_list":["post-14144","page","type-page","status-publish","has-post-thumbnail","hentry"],"acf":[],"yoast_head":"<!-- This site is optimized with the Yoast SEO plugin v27.3 - https:\/\/yoast.com\/product\/yoast-seo-wordpress\/ -->\n<title>Se priskategorier | Business Culture Awards MENA<\/title>\n<meta name=\"description\" content=\"Prisene anerkjenner bedriftskultur og initiativer for medarbeideropplevelse. Se Business Culture Award-kategoriene og registrer deg for \u00e5 delta.\" \/>\n<meta name=\"robots\" content=\"index, follow, max-snippet:-1, max-image-preview:large, max-video-preview:-1\" \/>\n<link rel=\"canonical\" href=\"https:\/\/businesscultureawards.com\/no\/hjemmeside-2026-norge\/norge-kategorier\/\" \/>\n<meta property=\"og:locale\" content=\"nb_NO\" \/>\n<meta property=\"og:type\" content=\"article\" \/>\n<meta property=\"og:title\" content=\"Se priskategorier | Business Culture Awards MENA\" \/>\n<meta property=\"og:description\" content=\"Prisene anerkjenner bedriftskultur og initiativer for medarbeideropplevelse. Se Business Culture Award-kategoriene og registrer deg for \u00e5 delta.\" \/>\n<meta property=\"og:url\" content=\"https:\/\/businesscultureawards.com\/no\/hjemmeside-2026-norge\/norge-kategorier\/\" \/>\n<meta property=\"og:site_name\" content=\"Business Culture Awards\" \/>\n<meta property=\"article:publisher\" content=\"https:\/\/www.facebook.com\/businesscultureawards\/\" \/>\n<meta property=\"article:modified_time\" content=\"2026-04-29T16:10:43+00:00\" \/>\n<meta property=\"og:image\" content=\"https:\/\/businesscultureawards.com\/wp-content\/uploads\/2021\/05\/categories-image-1200-x-627px-1.jpg\" \/>\n\t<meta property=\"og:image:width\" content=\"1200\" \/>\n\t<meta property=\"og:image:height\" content=\"627\" \/>\n\t<meta property=\"og:image:type\" content=\"image\/jpeg\" \/>\n<meta name=\"twitter:card\" content=\"summary_large_image\" \/>\n<meta name=\"twitter:title\" content=\"Se priskategorier | Business Culture Awards MENA\" \/>\n<meta name=\"twitter:label1\" content=\"Est. reading time\" \/>\n\t<meta name=\"twitter:data1\" content=\"2 minutes\" \/>\n<script type=\"application\/ld+json\" class=\"yoast-schema-graph\">{\"@context\":\"https:\\\/\\\/schema.org\",\"@graph\":[{\"@type\":\"WebPage\",\"@id\":\"https:\\\/\\\/businesscultureawards.com\\\/no\\\/hjemmeside-2026-norge\\\/norge-kategorier\\\/\",\"url\":\"https:\\\/\\\/businesscultureawards.com\\\/no\\\/hjemmeside-2026-norge\\\/norge-kategorier\\\/\",\"name\":\"Se priskategorier | Business Culture Awards MENA\",\"isPartOf\":{\"@id\":\"https:\\\/\\\/businesscultureawards.com\\\/no\\\/#website\"},\"primaryImageOfPage\":{\"@id\":\"https:\\\/\\\/businesscultureawards.com\\\/no\\\/hjemmeside-2026-norge\\\/norge-kategorier\\\/#primaryimage\"},\"image\":{\"@id\":\"https:\\\/\\\/businesscultureawards.com\\\/no\\\/hjemmeside-2026-norge\\\/norge-kategorier\\\/#primaryimage\"},\"thumbnailUrl\":\"https:\\\/\\\/businesscultureawards.com\\\/wp-content\\\/uploads\\\/2021\\\/05\\\/categories-image-1200-x-627px-1.jpg\",\"datePublished\":\"2026-03-12T09:50:19+00:00\",\"dateModified\":\"2026-04-29T16:10:43+00:00\",\"description\":\"Prisene anerkjenner bedriftskultur og initiativer for medarbeideropplevelse. Se Business Culture Award-kategoriene og registrer deg for \u00e5 delta.\",\"breadcrumb\":{\"@id\":\"https:\\\/\\\/businesscultureawards.com\\\/no\\\/hjemmeside-2026-norge\\\/norge-kategorier\\\/#breadcrumb\"},\"inLanguage\":\"nb-NO\",\"potentialAction\":[{\"@type\":\"ReadAction\",\"target\":[\"https:\\\/\\\/businesscultureawards.com\\\/no\\\/hjemmeside-2026-norge\\\/norge-kategorier\\\/\"]}]},{\"@type\":\"ImageObject\",\"inLanguage\":\"nb-NO\",\"@id\":\"https:\\\/\\\/businesscultureawards.com\\\/no\\\/hjemmeside-2026-norge\\\/norge-kategorier\\\/#primaryimage\",\"url\":\"https:\\\/\\\/businesscultureawards.com\\\/wp-content\\\/uploads\\\/2021\\\/05\\\/categories-image-1200-x-627px-1.jpg\",\"contentUrl\":\"https:\\\/\\\/businesscultureawards.com\\\/wp-content\\\/uploads\\\/2021\\\/05\\\/categories-image-1200-x-627px-1.jpg\",\"width\":1200,\"height\":627,\"caption\":\"Se hvilken som passer best for ditt initiativ\"},{\"@type\":\"BreadcrumbList\",\"@id\":\"https:\\\/\\\/businesscultureawards.com\\\/no\\\/hjemmeside-2026-norge\\\/norge-kategorier\\\/#breadcrumb\",\"itemListElement\":[{\"@type\":\"ListItem\",\"position\":1,\"name\":\"Home\",\"item\":\"https:\\\/\\\/businesscultureawards.com\\\/no\\\/\"},{\"@type\":\"ListItem\",\"position\":2,\"name\":\"Hjemmeside 2026 \u2013 Norge\",\"item\":\"https:\\\/\\\/businesscultureawards.com\\\/no\\\/hjemmeside-2026-norge\\\/\"},{\"@type\":\"ListItem\",\"position\":3,\"name\":\"Norge-kategorier\"}]},{\"@type\":\"WebSite\",\"@id\":\"https:\\\/\\\/businesscultureawards.com\\\/no\\\/#website\",\"url\":\"https:\\\/\\\/businesscultureawards.com\\\/no\\\/\",\"name\":\"Business Culture Awards\",\"description\":\"A great workplace culture enhances business performance, as well as attracting &amp; retaining the best people. We&#039;re here to celebrate the best #orgculture work.\",\"publisher\":{\"@id\":\"https:\\\/\\\/businesscultureawards.com\\\/no\\\/#organization\"},\"potentialAction\":[{\"@type\":\"SearchAction\",\"target\":{\"@type\":\"EntryPoint\",\"urlTemplate\":\"https:\\\/\\\/businesscultureawards.com\\\/no\\\/?s={search_term_string}\"},\"query-input\":{\"@type\":\"PropertyValueSpecification\",\"valueRequired\":true,\"valueName\":\"search_term_string\"}}],\"inLanguage\":\"nb-NO\"},{\"@type\":\"Organization\",\"@id\":\"https:\\\/\\\/businesscultureawards.com\\\/no\\\/#organization\",\"name\":\"Business Culture Awards\",\"url\":\"https:\\\/\\\/businesscultureawards.com\\\/no\\\/\",\"logo\":{\"@type\":\"ImageObject\",\"inLanguage\":\"nb-NO\",\"@id\":\"https:\\\/\\\/businesscultureawards.com\\\/no\\\/#\\\/schema\\\/logo\\\/image\\\/\",\"url\":\"https:\\\/\\\/businesscultureawards.com\\\/wp-content\\\/uploads\\\/2018\\\/10\\\/logo.png\",\"contentUrl\":\"https:\\\/\\\/businesscultureawards.com\\\/wp-content\\\/uploads\\\/2018\\\/10\\\/logo.png\",\"width\":1200,\"height\":627,\"caption\":\"Business Culture Awards\"},\"image\":{\"@id\":\"https:\\\/\\\/businesscultureawards.com\\\/no\\\/#\\\/schema\\\/logo\\\/image\\\/\"},\"sameAs\":[\"https:\\\/\\\/www.facebook.com\\\/businesscultureawards\\\/\",\"https:\\\/\\\/www.linkedin.com\\\/company\\\/businesscultureawards\\\/\"]}]}<\/script>\n<!-- \/ Yoast SEO plugin. -->","yoast_head_json":{"title":"Se priskategorier | Business Culture Awards MENA","description":"Prisene anerkjenner bedriftskultur og initiativer for medarbeideropplevelse. Se Business Culture Award-kategoriene og registrer deg for \u00e5 delta.","robots":{"index":"index","follow":"follow","max-snippet":"max-snippet:-1","max-image-preview":"max-image-preview:large","max-video-preview":"max-video-preview:-1"},"canonical":"https:\/\/businesscultureawards.com\/no\/hjemmeside-2026-norge\/norge-kategorier\/","og_locale":"nb_NO","og_type":"article","og_title":"Se priskategorier | Business Culture Awards MENA","og_description":"Prisene anerkjenner bedriftskultur og initiativer for medarbeideropplevelse. Se Business Culture Award-kategoriene og registrer deg for \u00e5 delta.","og_url":"https:\/\/businesscultureawards.com\/no\/hjemmeside-2026-norge\/norge-kategorier\/","og_site_name":"Business Culture Awards","article_publisher":"https:\/\/www.facebook.com\/businesscultureawards\/","article_modified_time":"2026-04-29T16:10:43+00:00","og_image":[{"width":1200,"height":627,"url":"https:\/\/businesscultureawards.com\/wp-content\/uploads\/2021\/05\/categories-image-1200-x-627px-1.jpg","type":"image\/jpeg"}],"twitter_card":"summary_large_image","twitter_title":"Se priskategorier | Business Culture Awards MENA","twitter_misc":{"Est. reading time":"2 minutes"},"schema":{"@context":"https:\/\/schema.org","@graph":[{"@type":"WebPage","@id":"https:\/\/businesscultureawards.com\/no\/hjemmeside-2026-norge\/norge-kategorier\/","url":"https:\/\/businesscultureawards.com\/no\/hjemmeside-2026-norge\/norge-kategorier\/","name":"Se priskategorier | Business Culture Awards MENA","isPartOf":{"@id":"https:\/\/businesscultureawards.com\/no\/#website"},"primaryImageOfPage":{"@id":"https:\/\/businesscultureawards.com\/no\/hjemmeside-2026-norge\/norge-kategorier\/#primaryimage"},"image":{"@id":"https:\/\/businesscultureawards.com\/no\/hjemmeside-2026-norge\/norge-kategorier\/#primaryimage"},"thumbnailUrl":"https:\/\/businesscultureawards.com\/wp-content\/uploads\/2021\/05\/categories-image-1200-x-627px-1.jpg","datePublished":"2026-03-12T09:50:19+00:00","dateModified":"2026-04-29T16:10:43+00:00","description":"Prisene anerkjenner bedriftskultur og initiativer for medarbeideropplevelse. Se Business Culture Award-kategoriene og registrer deg for \u00e5 delta.","breadcrumb":{"@id":"https:\/\/businesscultureawards.com\/no\/hjemmeside-2026-norge\/norge-kategorier\/#breadcrumb"},"inLanguage":"nb-NO","potentialAction":[{"@type":"ReadAction","target":["https:\/\/businesscultureawards.com\/no\/hjemmeside-2026-norge\/norge-kategorier\/"]}]},{"@type":"ImageObject","inLanguage":"nb-NO","@id":"https:\/\/businesscultureawards.com\/no\/hjemmeside-2026-norge\/norge-kategorier\/#primaryimage","url":"https:\/\/businesscultureawards.com\/wp-content\/uploads\/2021\/05\/categories-image-1200-x-627px-1.jpg","contentUrl":"https:\/\/businesscultureawards.com\/wp-content\/uploads\/2021\/05\/categories-image-1200-x-627px-1.jpg","width":1200,"height":627,"caption":"Se hvilken som passer best for ditt initiativ"},{"@type":"BreadcrumbList","@id":"https:\/\/businesscultureawards.com\/no\/hjemmeside-2026-norge\/norge-kategorier\/#breadcrumb","itemListElement":[{"@type":"ListItem","position":1,"name":"Home","item":"https:\/\/businesscultureawards.com\/no\/"},{"@type":"ListItem","position":2,"name":"Hjemmeside 2026 \u2013 Norge","item":"https:\/\/businesscultureawards.com\/no\/hjemmeside-2026-norge\/"},{"@type":"ListItem","position":3,"name":"Norge-kategorier"}]},{"@type":"WebSite","@id":"https:\/\/businesscultureawards.com\/no\/#website","url":"https:\/\/businesscultureawards.com\/no\/","name":"Business Culture Awards","description":"A great workplace culture enhances business performance, as well as attracting &amp; retaining the best people. We&#039;re here to celebrate the best #orgculture work.","publisher":{"@id":"https:\/\/businesscultureawards.com\/no\/#organization"},"potentialAction":[{"@type":"SearchAction","target":{"@type":"EntryPoint","urlTemplate":"https:\/\/businesscultureawards.com\/no\/?s={search_term_string}"},"query-input":{"@type":"PropertyValueSpecification","valueRequired":true,"valueName":"search_term_string"}}],"inLanguage":"nb-NO"},{"@type":"Organization","@id":"https:\/\/businesscultureawards.com\/no\/#organization","name":"Business Culture Awards","url":"https:\/\/businesscultureawards.com\/no\/","logo":{"@type":"ImageObject","inLanguage":"nb-NO","@id":"https:\/\/businesscultureawards.com\/no\/#\/schema\/logo\/image\/","url":"https:\/\/businesscultureawards.com\/wp-content\/uploads\/2018\/10\/logo.png","contentUrl":"https:\/\/businesscultureawards.com\/wp-content\/uploads\/2018\/10\/logo.png","width":1200,"height":627,"caption":"Business Culture Awards"},"image":{"@id":"https:\/\/businesscultureawards.com\/no\/#\/schema\/logo\/image\/"},"sameAs":["https:\/\/www.facebook.com\/businesscultureawards\/","https:\/\/www.linkedin.com\/company\/businesscultureawards\/"]}]}},"_links":{"self":[{"href":"https:\/\/businesscultureawards.com\/no\/wp-json\/wp\/v2\/pages\/14144","targetHints":{"allow":["GET"]}}],"collection":[{"href":"https:\/\/businesscultureawards.com\/no\/wp-json\/wp\/v2\/pages"}],"about":[{"href":"https:\/\/businesscultureawards.com\/no\/wp-json\/wp\/v2\/types\/page"}],"author":[{"embeddable":true,"href":"https:\/\/businesscultureawards.com\/no\/wp-json\/wp\/v2\/users\/10"}],"replies":[{"embeddable":true,"href":"https:\/\/businesscultureawards.com\/no\/wp-json\/wp\/v2\/comments?post=14144"}],"version-history":[{"count":0,"href":"https:\/\/businesscultureawards.com\/no\/wp-json\/wp\/v2\/pages\/14144\/revisions"}],"up":[{"embeddable":true,"href":"https:\/\/businesscultureawards.com\/no\/wp-json\/wp\/v2\/pages\/14176"}],"wp:featuredmedia":[{"embeddable":true,"href":"https:\/\/businesscultureawards.com\/no\/wp-json\/wp\/v2\/media\/14145"}],"wp:attachment":[{"href":"https:\/\/businesscultureawards.com\/no\/wp-json\/wp\/v2\/media?parent=14144"}],"curies":[{"name":"wp","href":"https:\/\/api.w.org\/{rel}","templated":true}]}}