{"id":14174,"date":"2026-03-12T10:00:50","date_gmt":"2026-03-12T10:00:50","guid":{"rendered":"https:\/\/businesscultureawards.com\/ofte-stilte-sporsmal-norge\/"},"modified":"2026-04-29T13:16:41","modified_gmt":"2026-04-29T13:16:41","slug":"ofte-stilte-sporsmal-norge","status":"publish","type":"page","link":"https:\/\/businesscultureawards.com\/no\/hjemmeside-2026-norge\/ofte-stilte-sporsmal-norge\/","title":{"rendered":"Ofte stilte sp\u00f8rsm\u00e5l \u2013 Norge"},"content":{"rendered":"<div id=\"cs-content\" class=\"cs-content\"><\/div>\n","protected":false},"excerpt":{"rendered":"<p>English (Engelsk) Norsk bokm\u00e5l Back to Main SiteHjemmeside 2026 \u2013 NorgeNorge: Slik deltar duNorge-kategorierM\u00f8t teametOfte stilte sp\u00f8rsm\u00e5l \u2013 Norge &nbsp;Ofte stilte sp\u00f8rsm\u00e5l om p\u00e5melding til priserHvis det er f\u00f8rste gang &#8230; <a href=\"https:\/\/businesscultureawards.com\/no\/hjemmeside-2026-norge\/ofte-stilte-sporsmal-norge\/\" class=\"more-link\">Read More<\/a><\/p>\n","protected":false},"author":10,"featured_media":14175,"parent":14176,"menu_order":0,"comment_status":"closed","ping_status":"closed","template":"template-blank-6.php","meta":{"_acf_changed":false,"footnotes":""},"class_list":["post-14174","page","type-page","status-publish","has-post-thumbnail","hentry"],"acf":[],"yoast_head":"<!-- This site is optimized with the Yoast SEO plugin v27.3 - https:\/\/yoast.com\/product\/yoast-seo-wordpress\/ -->\n<title>Ofte stilte sp\u00f8rsm\u00e5l | Business Culture Awards MENA<\/title>\n<meta name=\"description\" content=\"Her er en oversiktlig liste over v\u00e5re ofte stilte sp\u00f8rsm\u00e5l, eller du er hjertelig velkommen til \u00e5 ta kontakt med teamet p\u00e5 team@businesscultureawards.com, med alle dine sp\u00f8rsm\u00e5l om anerkjennelse for bedriftskulturen deres.\" \/>\n<meta name=\"robots\" content=\"index, follow, max-snippet:-1, max-image-preview:large, max-video-preview:-1\" \/>\n<link rel=\"canonical\" href=\"https:\/\/businesscultureawards.com\/no\/hjemmeside-2026-norge\/ofte-stilte-sporsmal-norge\/\" \/>\n<meta property=\"og:locale\" content=\"nb_NO\" \/>\n<meta property=\"og:type\" content=\"article\" \/>\n<meta property=\"og:title\" content=\"Ofte stilte sp\u00f8rsm\u00e5l | Business Culture Awards MENA\" \/>\n<meta property=\"og:description\" content=\"Her er en oversiktlig liste over v\u00e5re ofte stilte sp\u00f8rsm\u00e5l, eller du er hjertelig velkommen til \u00e5 ta kontakt med teamet p\u00e5 team@businesscultureawards.com, med alle dine sp\u00f8rsm\u00e5l om anerkjennelse for bedriftskulturen deres.\" \/>\n<meta property=\"og:url\" content=\"https:\/\/businesscultureawards.com\/no\/hjemmeside-2026-norge\/ofte-stilte-sporsmal-norge\/\" \/>\n<meta property=\"og:site_name\" content=\"Business Culture Awards\" \/>\n<meta property=\"article:publisher\" content=\"https:\/\/www.facebook.com\/businesscultureawards\/\" \/>\n<meta property=\"article:modified_time\" content=\"2026-04-29T13:16:41+00:00\" \/>\n<meta property=\"og:image\" content=\"https:\/\/businesscultureawards.com\/wp-content\/uploads\/2021\/05\/bca-enabling-better-working-lives.png\" \/>\n<meta name=\"twitter:card\" content=\"summary_large_image\" \/>\n<meta name=\"twitter:title\" content=\"Ofte stilte sp\u00f8rsm\u00e5l | Business Culture Awards MENA\" \/>\n<meta name=\"twitter:image\" content=\"https:\/\/businesscultureawards.com\/wp-content\/uploads\/2021\/05\/bca-enabling-better-working-lives-800-x-418-px.png\" \/>\n<meta name=\"twitter:label1\" content=\"Est. reading time\" \/>\n\t<meta name=\"twitter:data1\" content=\"2 minutes\" \/>\n<script type=\"application\/ld+json\" class=\"yoast-schema-graph\">{\"@context\":\"https:\\\/\\\/schema.org\",\"@graph\":[{\"@type\":\"WebPage\",\"@id\":\"https:\\\/\\\/businesscultureawards.com\\\/no\\\/hjemmeside-2026-norge\\\/ofte-stilte-sporsmal-norge\\\/\",\"url\":\"https:\\\/\\\/businesscultureawards.com\\\/no\\\/hjemmeside-2026-norge\\\/ofte-stilte-sporsmal-norge\\\/\",\"name\":\"Ofte stilte sp\u00f8rsm\u00e5l | Business Culture Awards MENA\",\"isPartOf\":{\"@id\":\"https:\\\/\\\/businesscultureawards.com\\\/no\\\/#website\"},\"primaryImageOfPage\":{\"@id\":\"https:\\\/\\\/businesscultureawards.com\\\/no\\\/hjemmeside-2026-norge\\\/ofte-stilte-sporsmal-norge\\\/#primaryimage\"},\"image\":{\"@id\":\"https:\\\/\\\/businesscultureawards.com\\\/no\\\/hjemmeside-2026-norge\\\/ofte-stilte-sporsmal-norge\\\/#primaryimage\"},\"thumbnailUrl\":\"https:\\\/\\\/businesscultureawards.com\\\/wp-content\\\/uploads\\\/2021\\\/05\\\/bca-enabling-better-working-lives.png\",\"datePublished\":\"2026-03-12T10:00:50+00:00\",\"dateModified\":\"2026-04-29T13:16:41+00:00\",\"description\":\"Her er en oversiktlig liste over v\u00e5re ofte stilte sp\u00f8rsm\u00e5l, eller du er hjertelig velkommen til \u00e5 ta kontakt med teamet p\u00e5 team@businesscultureawards.com, med alle dine sp\u00f8rsm\u00e5l om anerkjennelse for bedriftskulturen deres.\",\"breadcrumb\":{\"@id\":\"https:\\\/\\\/businesscultureawards.com\\\/no\\\/hjemmeside-2026-norge\\\/ofte-stilte-sporsmal-norge\\\/#breadcrumb\"},\"inLanguage\":\"nb-NO\",\"potentialAction\":[{\"@type\":\"ReadAction\",\"target\":[\"https:\\\/\\\/businesscultureawards.com\\\/no\\\/hjemmeside-2026-norge\\\/ofte-stilte-sporsmal-norge\\\/\"]}]},{\"@type\":\"ImageObject\",\"inLanguage\":\"nb-NO\",\"@id\":\"https:\\\/\\\/businesscultureawards.com\\\/no\\\/hjemmeside-2026-norge\\\/ofte-stilte-sporsmal-norge\\\/#primaryimage\",\"url\":\"https:\\\/\\\/businesscultureawards.com\\\/wp-content\\\/uploads\\\/2021\\\/05\\\/bca-enabling-better-working-lives.png\",\"contentUrl\":\"https:\\\/\\\/businesscultureawards.com\\\/wp-content\\\/uploads\\\/2021\\\/05\\\/bca-enabling-better-working-lives.png\",\"width\":1200,\"height\":627},{\"@type\":\"BreadcrumbList\",\"@id\":\"https:\\\/\\\/businesscultureawards.com\\\/no\\\/hjemmeside-2026-norge\\\/ofte-stilte-sporsmal-norge\\\/#breadcrumb\",\"itemListElement\":[{\"@type\":\"ListItem\",\"position\":1,\"name\":\"Home\",\"item\":\"https:\\\/\\\/businesscultureawards.com\\\/no\\\/\"},{\"@type\":\"ListItem\",\"position\":2,\"name\":\"Hjemmeside 2026 \u2013 Norge\",\"item\":\"https:\\\/\\\/businesscultureawards.com\\\/no\\\/hjemmeside-2026-norge\\\/\"},{\"@type\":\"ListItem\",\"position\":3,\"name\":\"Ofte stilte sp\u00f8rsm\u00e5l \u2013 Norge\"}]},{\"@type\":\"WebSite\",\"@id\":\"https:\\\/\\\/businesscultureawards.com\\\/no\\\/#website\",\"url\":\"https:\\\/\\\/businesscultureawards.com\\\/no\\\/\",\"name\":\"Business Culture Awards\",\"description\":\"A great workplace culture enhances business performance, as well as attracting &amp; retaining the best people. We&#039;re here to celebrate the best #orgculture work.\",\"publisher\":{\"@id\":\"https:\\\/\\\/businesscultureawards.com\\\/no\\\/#organization\"},\"potentialAction\":[{\"@type\":\"SearchAction\",\"target\":{\"@type\":\"EntryPoint\",\"urlTemplate\":\"https:\\\/\\\/businesscultureawards.com\\\/no\\\/?s={search_term_string}\"},\"query-input\":{\"@type\":\"PropertyValueSpecification\",\"valueRequired\":true,\"valueName\":\"search_term_string\"}}],\"inLanguage\":\"nb-NO\"},{\"@type\":\"Organization\",\"@id\":\"https:\\\/\\\/businesscultureawards.com\\\/no\\\/#organization\",\"name\":\"Business Culture Awards\",\"url\":\"https:\\\/\\\/businesscultureawards.com\\\/no\\\/\",\"logo\":{\"@type\":\"ImageObject\",\"inLanguage\":\"nb-NO\",\"@id\":\"https:\\\/\\\/businesscultureawards.com\\\/no\\\/#\\\/schema\\\/logo\\\/image\\\/\",\"url\":\"https:\\\/\\\/businesscultureawards.com\\\/wp-content\\\/uploads\\\/2018\\\/10\\\/logo.png\",\"contentUrl\":\"https:\\\/\\\/businesscultureawards.com\\\/wp-content\\\/uploads\\\/2018\\\/10\\\/logo.png\",\"width\":1200,\"height\":627,\"caption\":\"Business Culture Awards\"},\"image\":{\"@id\":\"https:\\\/\\\/businesscultureawards.com\\\/no\\\/#\\\/schema\\\/logo\\\/image\\\/\"},\"sameAs\":[\"https:\\\/\\\/www.facebook.com\\\/businesscultureawards\\\/\",\"https:\\\/\\\/www.linkedin.com\\\/company\\\/businesscultureawards\\\/\"]}]}<\/script>\n<!-- \/ Yoast SEO plugin. -->","yoast_head_json":{"title":"Ofte stilte sp\u00f8rsm\u00e5l | Business Culture Awards MENA","description":"Her er en oversiktlig liste over v\u00e5re ofte stilte sp\u00f8rsm\u00e5l, eller du er hjertelig velkommen til \u00e5 ta kontakt med teamet p\u00e5 team@businesscultureawards.com, med alle dine sp\u00f8rsm\u00e5l om anerkjennelse for bedriftskulturen deres.","robots":{"index":"index","follow":"follow","max-snippet":"max-snippet:-1","max-image-preview":"max-image-preview:large","max-video-preview":"max-video-preview:-1"},"canonical":"https:\/\/businesscultureawards.com\/no\/hjemmeside-2026-norge\/ofte-stilte-sporsmal-norge\/","og_locale":"nb_NO","og_type":"article","og_title":"Ofte stilte sp\u00f8rsm\u00e5l | Business Culture Awards MENA","og_description":"Her er en oversiktlig liste over v\u00e5re ofte stilte sp\u00f8rsm\u00e5l, eller du er hjertelig velkommen til \u00e5 ta kontakt med teamet p\u00e5 team@businesscultureawards.com, med alle dine sp\u00f8rsm\u00e5l om anerkjennelse for bedriftskulturen deres.","og_url":"https:\/\/businesscultureawards.com\/no\/hjemmeside-2026-norge\/ofte-stilte-sporsmal-norge\/","og_site_name":"Business Culture Awards","article_publisher":"https:\/\/www.facebook.com\/businesscultureawards\/","article_modified_time":"2026-04-29T13:16:41+00:00","og_image":[{"url":"https:\/\/businesscultureawards.com\/wp-content\/uploads\/2021\/05\/bca-enabling-better-working-lives.png","type":"","width":"","height":""}],"twitter_card":"summary_large_image","twitter_title":"Ofte stilte sp\u00f8rsm\u00e5l | Business Culture Awards MENA","twitter_image":"https:\/\/businesscultureawards.com\/wp-content\/uploads\/2021\/05\/bca-enabling-better-working-lives-800-x-418-px.png","twitter_misc":{"Est. reading time":"2 minutes"},"schema":{"@context":"https:\/\/schema.org","@graph":[{"@type":"WebPage","@id":"https:\/\/businesscultureawards.com\/no\/hjemmeside-2026-norge\/ofte-stilte-sporsmal-norge\/","url":"https:\/\/businesscultureawards.com\/no\/hjemmeside-2026-norge\/ofte-stilte-sporsmal-norge\/","name":"Ofte stilte sp\u00f8rsm\u00e5l | Business Culture Awards MENA","isPartOf":{"@id":"https:\/\/businesscultureawards.com\/no\/#website"},"primaryImageOfPage":{"@id":"https:\/\/businesscultureawards.com\/no\/hjemmeside-2026-norge\/ofte-stilte-sporsmal-norge\/#primaryimage"},"image":{"@id":"https:\/\/businesscultureawards.com\/no\/hjemmeside-2026-norge\/ofte-stilte-sporsmal-norge\/#primaryimage"},"thumbnailUrl":"https:\/\/businesscultureawards.com\/wp-content\/uploads\/2021\/05\/bca-enabling-better-working-lives.png","datePublished":"2026-03-12T10:00:50+00:00","dateModified":"2026-04-29T13:16:41+00:00","description":"Her er en oversiktlig liste over v\u00e5re ofte stilte sp\u00f8rsm\u00e5l, eller du er hjertelig velkommen til \u00e5 ta kontakt med teamet p\u00e5 team@businesscultureawards.com, med alle dine sp\u00f8rsm\u00e5l om anerkjennelse for bedriftskulturen deres.","breadcrumb":{"@id":"https:\/\/businesscultureawards.com\/no\/hjemmeside-2026-norge\/ofte-stilte-sporsmal-norge\/#breadcrumb"},"inLanguage":"nb-NO","potentialAction":[{"@type":"ReadAction","target":["https:\/\/businesscultureawards.com\/no\/hjemmeside-2026-norge\/ofte-stilte-sporsmal-norge\/"]}]},{"@type":"ImageObject","inLanguage":"nb-NO","@id":"https:\/\/businesscultureawards.com\/no\/hjemmeside-2026-norge\/ofte-stilte-sporsmal-norge\/#primaryimage","url":"https:\/\/businesscultureawards.com\/wp-content\/uploads\/2021\/05\/bca-enabling-better-working-lives.png","contentUrl":"https:\/\/businesscultureawards.com\/wp-content\/uploads\/2021\/05\/bca-enabling-better-working-lives.png","width":1200,"height":627},{"@type":"BreadcrumbList","@id":"https:\/\/businesscultureawards.com\/no\/hjemmeside-2026-norge\/ofte-stilte-sporsmal-norge\/#breadcrumb","itemListElement":[{"@type":"ListItem","position":1,"name":"Home","item":"https:\/\/businesscultureawards.com\/no\/"},{"@type":"ListItem","position":2,"name":"Hjemmeside 2026 \u2013 Norge","item":"https:\/\/businesscultureawards.com\/no\/hjemmeside-2026-norge\/"},{"@type":"ListItem","position":3,"name":"Ofte stilte sp\u00f8rsm\u00e5l \u2013 Norge"}]},{"@type":"WebSite","@id":"https:\/\/businesscultureawards.com\/no\/#website","url":"https:\/\/businesscultureawards.com\/no\/","name":"Business Culture Awards","description":"A great workplace culture enhances business performance, as well as attracting &amp; retaining the best people. We&#039;re here to celebrate the best #orgculture work.","publisher":{"@id":"https:\/\/businesscultureawards.com\/no\/#organization"},"potentialAction":[{"@type":"SearchAction","target":{"@type":"EntryPoint","urlTemplate":"https:\/\/businesscultureawards.com\/no\/?s={search_term_string}"},"query-input":{"@type":"PropertyValueSpecification","valueRequired":true,"valueName":"search_term_string"}}],"inLanguage":"nb-NO"},{"@type":"Organization","@id":"https:\/\/businesscultureawards.com\/no\/#organization","name":"Business Culture Awards","url":"https:\/\/businesscultureawards.com\/no\/","logo":{"@type":"ImageObject","inLanguage":"nb-NO","@id":"https:\/\/businesscultureawards.com\/no\/#\/schema\/logo\/image\/","url":"https:\/\/businesscultureawards.com\/wp-content\/uploads\/2018\/10\/logo.png","contentUrl":"https:\/\/businesscultureawards.com\/wp-content\/uploads\/2018\/10\/logo.png","width":1200,"height":627,"caption":"Business Culture Awards"},"image":{"@id":"https:\/\/businesscultureawards.com\/no\/#\/schema\/logo\/image\/"},"sameAs":["https:\/\/www.facebook.com\/businesscultureawards\/","https:\/\/www.linkedin.com\/company\/businesscultureawards\/"]}]}},"_links":{"self":[{"href":"https:\/\/businesscultureawards.com\/no\/wp-json\/wp\/v2\/pages\/14174","targetHints":{"allow":["GET"]}}],"collection":[{"href":"https:\/\/businesscultureawards.com\/no\/wp-json\/wp\/v2\/pages"}],"about":[{"href":"https:\/\/businesscultureawards.com\/no\/wp-json\/wp\/v2\/types\/page"}],"author":[{"embeddable":true,"href":"https:\/\/businesscultureawards.com\/no\/wp-json\/wp\/v2\/users\/10"}],"replies":[{"embeddable":true,"href":"https:\/\/businesscultureawards.com\/no\/wp-json\/wp\/v2\/comments?post=14174"}],"version-history":[{"count":0,"href":"https:\/\/businesscultureawards.com\/no\/wp-json\/wp\/v2\/pages\/14174\/revisions"}],"up":[{"embeddable":true,"href":"https:\/\/businesscultureawards.com\/no\/wp-json\/wp\/v2\/pages\/14176"}],"wp:featuredmedia":[{"embeddable":true,"href":"https:\/\/businesscultureawards.com\/no\/wp-json\/wp\/v2\/media\/14175"}],"wp:attachment":[{"href":"https:\/\/businesscultureawards.com\/no\/wp-json\/wp\/v2\/media?parent=14174"}],"curies":[{"name":"wp","href":"https:\/\/api.w.org\/{rel}","templated":true}]}}