{"id":14176,"date":"2026-03-12T09:36:34","date_gmt":"2026-03-12T09:36:34","guid":{"rendered":"https:\/\/businesscultureawards.com\/hjemmeside-2026-norge\/"},"modified":"2026-04-29T13:17:00","modified_gmt":"2026-04-29T13:17:00","slug":"hjemmeside-2026-norge","status":"publish","type":"page","link":"https:\/\/businesscultureawards.com\/no\/hjemmeside-2026-norge\/","title":{"rendered":"Hjemmeside 2026 \u2013 Norge"},"content":{"rendered":"<div id=\"cs-content\" class=\"cs-content\"><\/div>\n","protected":false},"excerpt":{"rendered":"<p>English (Engelsk) Norsk bokm\u00e5l Back to Main SiteHjemmeside 2026 \u2013 NorgeNorge: Slik deltar duNorge-kategorierM\u00f8t teametOfte stilte sp\u00f8rsm\u00e5l \u2013 Norge feirer dagens eksepsjonelle bedriftskultur P\u00e5melding \u00e5pner 5. mai Tidlig p\u00e5melding \u2013 &#8230; <a href=\"https:\/\/businesscultureawards.com\/no\/hjemmeside-2026-norge\/\" class=\"more-link\">Read More<\/a><\/p>\n","protected":false},"author":10,"featured_media":0,"parent":0,"menu_order":0,"comment_status":"closed","ping_status":"closed","template":"template-blank-6.php","meta":{"_acf_changed":false,"footnotes":""},"class_list":["post-14176","page","type-page","status-publish","hentry","no-post-thumbnail"],"acf":[],"yoast_head":"<!-- This site is optimized with the Yoast SEO plugin v27.3 - https:\/\/yoast.com\/product\/yoast-seo-wordpress\/ -->\n<title>Business Culture Awards Norge<\/title>\n<meta name=\"description\" content=\"Business Culture Awards Norge gir fremtidsrettede organisasjoner en mulighet til \u00e5 feire arbeid som legger til rette for at deres ansatte skal lykkes.\" \/>\n<meta name=\"robots\" content=\"index, follow, max-snippet:-1, max-image-preview:large, max-video-preview:-1\" \/>\n<link rel=\"canonical\" href=\"https:\/\/businesscultureawards.com\/no\/hjemmeside-2026-norge\/\" \/>\n<meta property=\"og:locale\" content=\"nb_NO\" \/>\n<meta property=\"og:type\" content=\"article\" \/>\n<meta property=\"og:title\" content=\"Business Culture Awards Norge | Feirer eksepsjonell bedriftskultur\" \/>\n<meta property=\"og:description\" content=\"Business Culture Awards Norge gir fremtidsrettede organisasjoner en mulighet til \u00e5 feire arbeid som legger til rette for at deres ansatte skal lykkes.\" \/>\n<meta property=\"og:url\" content=\"https:\/\/businesscultureawards.com\/no\/hjemmeside-2026-norge\/\" \/>\n<meta property=\"og:site_name\" content=\"Business Culture Awards\" \/>\n<meta property=\"article:publisher\" content=\"https:\/\/www.facebook.com\/businesscultureawards\/\" \/>\n<meta property=\"article:modified_time\" content=\"2026-04-29T13:17:00+00:00\" \/>\n<meta property=\"og:image\" content=\"https:\/\/businesscultureawards.com\/wp-content\/uploads\/2025\/09\/linkedin-logo-1.png\" \/>\n<meta name=\"twitter:card\" content=\"summary_large_image\" \/>\n<meta name=\"twitter:title\" content=\"Business Culture Awards Norge | Feirer eksepsjonell bedriftskultur\" \/>\n<meta name=\"twitter:description\" content=\"Business Culture Awards Norge gir fremtidsrettede organisasjoner en mulighet til \u00e5 feire arbeid som legger til rette for at deres ansatte skal lykkes.\" \/>\n<meta name=\"twitter:label1\" content=\"Est. reading time\" \/>\n\t<meta name=\"twitter:data1\" content=\"28 minutes\" \/>\n<script type=\"application\/ld+json\" class=\"yoast-schema-graph\">{\"@context\":\"https:\\\/\\\/schema.org\",\"@graph\":[{\"@type\":\"WebPage\",\"@id\":\"https:\\\/\\\/businesscultureawards.com\\\/no\\\/hjemmeside-2026-norge\\\/\",\"url\":\"https:\\\/\\\/businesscultureawards.com\\\/no\\\/hjemmeside-2026-norge\\\/\",\"name\":\"Business Culture Awards Norge\",\"isPartOf\":{\"@id\":\"https:\\\/\\\/businesscultureawards.com\\\/no\\\/#website\"},\"primaryImageOfPage\":{\"@id\":\"https:\\\/\\\/businesscultureawards.com\\\/no\\\/hjemmeside-2026-norge\\\/#primaryimage\"},\"image\":{\"@id\":\"https:\\\/\\\/businesscultureawards.com\\\/no\\\/hjemmeside-2026-norge\\\/#primaryimage\"},\"thumbnailUrl\":\"https:\\\/\\\/businesscultureawards.com\\\/wp-content\\\/uploads\\\/2025\\\/09\\\/linkedin-logo-1.png\",\"datePublished\":\"2026-03-12T09:36:34+00:00\",\"dateModified\":\"2026-04-29T13:17:00+00:00\",\"description\":\"Business Culture Awards Norge gir fremtidsrettede organisasjoner en mulighet til \u00e5 feire arbeid som legger til rette for at deres ansatte skal lykkes.\",\"breadcrumb\":{\"@id\":\"https:\\\/\\\/businesscultureawards.com\\\/no\\\/hjemmeside-2026-norge\\\/#breadcrumb\"},\"inLanguage\":\"nb-NO\",\"potentialAction\":[{\"@type\":\"ReadAction\",\"target\":[\"https:\\\/\\\/businesscultureawards.com\\\/no\\\/hjemmeside-2026-norge\\\/\"]}]},{\"@type\":\"ImageObject\",\"inLanguage\":\"nb-NO\",\"@id\":\"https:\\\/\\\/businesscultureawards.com\\\/no\\\/hjemmeside-2026-norge\\\/#primaryimage\",\"url\":\"https:\\\/\\\/businesscultureawards.com\\\/wp-content\\\/uploads\\\/2025\\\/09\\\/linkedin-logo-1.png\",\"contentUrl\":\"https:\\\/\\\/businesscultureawards.com\\\/wp-content\\\/uploads\\\/2025\\\/09\\\/linkedin-logo-1.png\"},{\"@type\":\"BreadcrumbList\",\"@id\":\"https:\\\/\\\/businesscultureawards.com\\\/no\\\/hjemmeside-2026-norge\\\/#breadcrumb\",\"itemListElement\":[{\"@type\":\"ListItem\",\"position\":1,\"name\":\"Home\",\"item\":\"https:\\\/\\\/businesscultureawards.com\\\/no\\\/\"},{\"@type\":\"ListItem\",\"position\":2,\"name\":\"Hjemmeside 2026 \u2013 Norge\"}]},{\"@type\":\"WebSite\",\"@id\":\"https:\\\/\\\/businesscultureawards.com\\\/no\\\/#website\",\"url\":\"https:\\\/\\\/businesscultureawards.com\\\/no\\\/\",\"name\":\"Business Culture Awards\",\"description\":\"A great workplace culture enhances business performance, as well as attracting &amp; retaining the best people. We&#039;re here to celebrate the best #orgculture work.\",\"publisher\":{\"@id\":\"https:\\\/\\\/businesscultureawards.com\\\/no\\\/#organization\"},\"potentialAction\":[{\"@type\":\"SearchAction\",\"target\":{\"@type\":\"EntryPoint\",\"urlTemplate\":\"https:\\\/\\\/businesscultureawards.com\\\/no\\\/?s={search_term_string}\"},\"query-input\":{\"@type\":\"PropertyValueSpecification\",\"valueRequired\":true,\"valueName\":\"search_term_string\"}}],\"inLanguage\":\"nb-NO\"},{\"@type\":\"Organization\",\"@id\":\"https:\\\/\\\/businesscultureawards.com\\\/no\\\/#organization\",\"name\":\"Business Culture Awards\",\"url\":\"https:\\\/\\\/businesscultureawards.com\\\/no\\\/\",\"logo\":{\"@type\":\"ImageObject\",\"inLanguage\":\"nb-NO\",\"@id\":\"https:\\\/\\\/businesscultureawards.com\\\/no\\\/#\\\/schema\\\/logo\\\/image\\\/\",\"url\":\"https:\\\/\\\/businesscultureawards.com\\\/wp-content\\\/uploads\\\/2018\\\/10\\\/logo.png\",\"contentUrl\":\"https:\\\/\\\/businesscultureawards.com\\\/wp-content\\\/uploads\\\/2018\\\/10\\\/logo.png\",\"width\":1200,\"height\":627,\"caption\":\"Business Culture Awards\"},\"image\":{\"@id\":\"https:\\\/\\\/businesscultureawards.com\\\/no\\\/#\\\/schema\\\/logo\\\/image\\\/\"},\"sameAs\":[\"https:\\\/\\\/www.facebook.com\\\/businesscultureawards\\\/\",\"https:\\\/\\\/www.linkedin.com\\\/company\\\/businesscultureawards\\\/\"]}]}<\/script>\n<!-- \/ Yoast SEO plugin. -->","yoast_head_json":{"title":"Business Culture Awards Norge","description":"Business Culture Awards Norge gir fremtidsrettede organisasjoner en mulighet til \u00e5 feire arbeid som legger til rette for at deres ansatte skal lykkes.","robots":{"index":"index","follow":"follow","max-snippet":"max-snippet:-1","max-image-preview":"max-image-preview:large","max-video-preview":"max-video-preview:-1"},"canonical":"https:\/\/businesscultureawards.com\/no\/hjemmeside-2026-norge\/","og_locale":"nb_NO","og_type":"article","og_title":"Business Culture Awards Norge | Feirer eksepsjonell bedriftskultur","og_description":"Business Culture Awards Norge gir fremtidsrettede organisasjoner en mulighet til \u00e5 feire arbeid som legger til rette for at deres ansatte skal lykkes.","og_url":"https:\/\/businesscultureawards.com\/no\/hjemmeside-2026-norge\/","og_site_name":"Business Culture Awards","article_publisher":"https:\/\/www.facebook.com\/businesscultureawards\/","article_modified_time":"2026-04-29T13:17:00+00:00","og_image":[{"url":"https:\/\/businesscultureawards.com\/wp-content\/uploads\/2025\/09\/linkedin-logo-1.png","type":"","width":"","height":""}],"twitter_card":"summary_large_image","twitter_title":"Business Culture Awards Norge | Feirer eksepsjonell bedriftskultur","twitter_description":"Business Culture Awards Norge gir fremtidsrettede organisasjoner en mulighet til \u00e5 feire arbeid som legger til rette for at deres ansatte skal lykkes.","twitter_misc":{"Est. reading time":"28 minutes"},"schema":{"@context":"https:\/\/schema.org","@graph":[{"@type":"WebPage","@id":"https:\/\/businesscultureawards.com\/no\/hjemmeside-2026-norge\/","url":"https:\/\/businesscultureawards.com\/no\/hjemmeside-2026-norge\/","name":"Business Culture Awards Norge","isPartOf":{"@id":"https:\/\/businesscultureawards.com\/no\/#website"},"primaryImageOfPage":{"@id":"https:\/\/businesscultureawards.com\/no\/hjemmeside-2026-norge\/#primaryimage"},"image":{"@id":"https:\/\/businesscultureawards.com\/no\/hjemmeside-2026-norge\/#primaryimage"},"thumbnailUrl":"https:\/\/businesscultureawards.com\/wp-content\/uploads\/2025\/09\/linkedin-logo-1.png","datePublished":"2026-03-12T09:36:34+00:00","dateModified":"2026-04-29T13:17:00+00:00","description":"Business Culture Awards Norge gir fremtidsrettede organisasjoner en mulighet til \u00e5 feire arbeid som legger til rette for at deres ansatte skal lykkes.","breadcrumb":{"@id":"https:\/\/businesscultureawards.com\/no\/hjemmeside-2026-norge\/#breadcrumb"},"inLanguage":"nb-NO","potentialAction":[{"@type":"ReadAction","target":["https:\/\/businesscultureawards.com\/no\/hjemmeside-2026-norge\/"]}]},{"@type":"ImageObject","inLanguage":"nb-NO","@id":"https:\/\/businesscultureawards.com\/no\/hjemmeside-2026-norge\/#primaryimage","url":"https:\/\/businesscultureawards.com\/wp-content\/uploads\/2025\/09\/linkedin-logo-1.png","contentUrl":"https:\/\/businesscultureawards.com\/wp-content\/uploads\/2025\/09\/linkedin-logo-1.png"},{"@type":"BreadcrumbList","@id":"https:\/\/businesscultureawards.com\/no\/hjemmeside-2026-norge\/#breadcrumb","itemListElement":[{"@type":"ListItem","position":1,"name":"Home","item":"https:\/\/businesscultureawards.com\/no\/"},{"@type":"ListItem","position":2,"name":"Hjemmeside 2026 \u2013 Norge"}]},{"@type":"WebSite","@id":"https:\/\/businesscultureawards.com\/no\/#website","url":"https:\/\/businesscultureawards.com\/no\/","name":"Business Culture Awards","description":"A great workplace culture enhances business performance, as well as attracting &amp; retaining the best people. We&#039;re here to celebrate the best #orgculture work.","publisher":{"@id":"https:\/\/businesscultureawards.com\/no\/#organization"},"potentialAction":[{"@type":"SearchAction","target":{"@type":"EntryPoint","urlTemplate":"https:\/\/businesscultureawards.com\/no\/?s={search_term_string}"},"query-input":{"@type":"PropertyValueSpecification","valueRequired":true,"valueName":"search_term_string"}}],"inLanguage":"nb-NO"},{"@type":"Organization","@id":"https:\/\/businesscultureawards.com\/no\/#organization","name":"Business Culture Awards","url":"https:\/\/businesscultureawards.com\/no\/","logo":{"@type":"ImageObject","inLanguage":"nb-NO","@id":"https:\/\/businesscultureawards.com\/no\/#\/schema\/logo\/image\/","url":"https:\/\/businesscultureawards.com\/wp-content\/uploads\/2018\/10\/logo.png","contentUrl":"https:\/\/businesscultureawards.com\/wp-content\/uploads\/2018\/10\/logo.png","width":1200,"height":627,"caption":"Business Culture Awards"},"image":{"@id":"https:\/\/businesscultureawards.com\/no\/#\/schema\/logo\/image\/"},"sameAs":["https:\/\/www.facebook.com\/businesscultureawards\/","https:\/\/www.linkedin.com\/company\/businesscultureawards\/"]}]}},"_links":{"self":[{"href":"https:\/\/businesscultureawards.com\/no\/wp-json\/wp\/v2\/pages\/14176","targetHints":{"allow":["GET"]}}],"collection":[{"href":"https:\/\/businesscultureawards.com\/no\/wp-json\/wp\/v2\/pages"}],"about":[{"href":"https:\/\/businesscultureawards.com\/no\/wp-json\/wp\/v2\/types\/page"}],"author":[{"embeddable":true,"href":"https:\/\/businesscultureawards.com\/no\/wp-json\/wp\/v2\/users\/10"}],"replies":[{"embeddable":true,"href":"https:\/\/businesscultureawards.com\/no\/wp-json\/wp\/v2\/comments?post=14176"}],"version-history":[{"count":0,"href":"https:\/\/businesscultureawards.com\/no\/wp-json\/wp\/v2\/pages\/14176\/revisions"}],"wp:attachment":[{"href":"https:\/\/businesscultureawards.com\/no\/wp-json\/wp\/v2\/media?parent=14176"}],"curies":[{"name":"wp","href":"https:\/\/api.w.org\/{rel}","templated":true}]}}